{"id":14,"date":"2019-12-10T10:06:28","date_gmt":"2019-12-10T10:06:28","guid":{"rendered":"http:\/\/nueva.mikelatseuskaltegia.com\/?page_id=14"},"modified":"2024-08-29T12:08:13","modified_gmt":"2024-08-29T10:08:13","slug":"enlaces","status":"publish","type":"page","link":"https:\/\/mikelatseuskaltegia.com\/eu\/enlaces\/","title":{"rendered":"Estekak"},"content":{"rendered":"<div id=\"pl-14\"  class=\"panel-layout\" ><div id=\"pg-14-0\"  class=\"panel-grid panel-no-style\" ><div id=\"pgc-14-0-0\"  class=\"panel-grid-cell\" ><div id=\"panel-14-0-0-0\" class=\"so-panel widget_sow-editor panel-first-child panel-last-child\" data-index=\"0\" ><div\n\t\t\t\n\t\t\tclass=\"so-widget-sow-editor so-widget-sow-editor-base\"\n\t\t\t\n\t\t>\n<div class=\"siteorigin-widget-tinymce textwidget\">\n\t<p>Mikelats Euskaltegian informazioa beti eskura izan dezazun nahi dugu. Hori dela eta a azterketei buruzko informazioa, hiztetgiak\u2026 kontsulta ditzakezu hurrengo esteketan:<\/p>\n<div><strong>Azterketa ereduak<\/strong><\/div>\n<ul>\n<li><a href=\"http:\/\/www.habe.euskadi.eus\/s23-ereduak\/es\" target=\"_blank\" rel=\"noopener\" data-cke-saved-href=\"http:\/\/www.habe.euskadi.eus\/s23-ereduak\/es\">HABE<\/a><\/li>\n<li><a href=\"http:\/\/www.ivap.euskadi.eus\/r61-veuskara\/es\/contenidos\/informacion\/hizkuntza_eskakizunak_weberria\/es_hizk_esk\/azterketa_ereduak.html\" target=\"_blank\" rel=\"noopener\" data-cke-saved-href=\"http:\/\/www.ivap.euskadi.eus\/r61-veuskara\/es\/contenidos\/informacion\/hizkuntza_eskakizunak_weberria\/es_hizk_esk\/azterketa_ereduak.html\">IVAP y Osakidetza<\/a><\/li>\n<\/ul>\n<div><strong>Hiztegiak<\/strong><\/div>\n<ul>\n<li><a href=\"http:\/\/www.euskaltzaindia.eus\/index.php?option=com_content&Itemid=340&catid=138&id=276&lang=es&view=article\" target=\"_blank\" rel=\"noopener\" data-cke-saved-href=\"http:\/\/www.euskaltzaindia.eus\/index.php?option=com_content&Itemid=340&catid=138&id=276&lang=es&view=article\">Diccionario General Vasco<\/a><\/li>\n<li><a href=\"http:\/\/www.euskaltzaindia.eus\/index.php?option=com_hiztegianbilatu&view=frontpage&Itemid=410&lang=eu\" target=\"_blank\" rel=\"noopener\" data-cke-saved-href=\"http:\/\/www.euskaltzaindia.eus\/index.php?option=com_hiztegianbilatu&view=frontpage&Itemid=410&lang=eu\">Diccionario Unificado (Hiztegi Batua)<\/a><\/li>\n<li><a href=\"http:\/\/www.euskara.euskadi.net\/r59-sarasola\/eu\/sarasola\/sarasola.apl\" target=\"_blank\" rel=\"noopener\" data-cke-saved-href=\"http:\/\/www.euskara.euskadi.net\/r59-sarasola\/eu\/sarasola\/sarasola.apl\">Diccionario Hauta Lanerako Euskal Hiztegia<\/a><\/li>\n<li><a href=\"http:\/\/www.euskara.euskadi.net\/r59-15172x\/eu\/hizt_el\/index.asp\" target=\"_blank\" rel=\"noopener\" data-cke-saved-href=\"http:\/\/www.euskara.euskadi.net\/r59-15172x\/eu\/hizt_el\/index.asp\">Diccionarios Elhuyar<\/a><\/li>\n<li>\u2022 Sinonimoen hiztegiak<\/li>\n<li><a href=\"http:\/\/www.euskara.euskadi.net\/r59-euskalte\/eu\/q91EusTermWar\/kontsultaJSP\/q91aAction.do\" target=\"_blank\" rel=\"noopener\" data-cke-saved-href=\"http:\/\/www.euskara.euskadi.net\/r59-euskalte\/eu\/q91EusTermWar\/kontsultaJSP\/q91aAction.do\">Euskalterm<\/a><\/li>\n<li><a href=\"http:\/\/www1.euskadi.net\/harluxet\/\" target=\"_blank\" rel=\"noopener\" data-cke-saved-href=\"http:\/\/www1.euskadi.net\/harluxet\/\">Diccionario Enciclop\u00e9dico Harluxet<\/a><\/li>\n<li><a href=\"http:\/\/www.parlamento.euskadi.net\/pfrm_cm_cdhizc.html\" target=\"_blank\" rel=\"noopener\" data-cke-saved-href=\"http:\/\/www.parlamento.euskadi.net\/pfrm_cm_cdhizc.html\">Glosario de t\u00e9rminos parlamentarios y administrativos<\/a><\/li>\n<\/ul>\n<\/div>\n<\/div><\/div><\/div><div id=\"pgc-14-0-1\"  class=\"panel-grid-cell\" ><div id=\"panel-14-0-1-0\" class=\"so-panel widget_sow-image panel-first-child panel-last-child\" data-index=\"1\" ><div\n\t\t\t\n\t\t\tclass=\"so-widget-sow-image so-widget-sow-image-default-8b5b6f678277-14\"\n\t\t\t\n\t\t>\n<div class=\"sow-image-container\">\n\t\t<img \n\tsrc=\"https:\/\/mikelatseuskaltegia.com\/wp-content\/uploads\/2020\/01\/muestra-tablet.jpg\" width=\"626\" height=\"939\" srcset=\"https:\/\/mikelatseuskaltegia.com\/wp-content\/uploads\/2020\/01\/muestra-tablet.jpg 626w, https:\/\/mikelatseuskaltegia.com\/wp-content\/uploads\/2020\/01\/muestra-tablet-200x300.jpg 200w, https:\/\/mikelatseuskaltegia.com\/wp-content\/uploads\/2020\/01\/muestra-tablet-333x500.jpg 333w, https:\/\/mikelatseuskaltegia.com\/wp-content\/uploads\/2020\/01\/muestra-tablet-533x800.jpg 533w\" sizes=\"(max-width: 626px) 100vw, 626px\" alt=\"\" \t\tclass=\"so-widget-image\"\/>\n\t<\/div>\n\n<\/div><\/div><\/div><\/div><\/div>","protected":false},"excerpt":{"rendered":"<p>Mikelats Euskaltegian informazioa beti eskura izan dezazun nahi dugu. Hori dela eta a azterketei buruzko informazioa, hiztetgiak\u2026 kontsulta ditzakezu hurrengo [&hellip;]<\/p>\n","protected":false},"author":1,"featured_media":0,"parent":0,"menu_order":0,"comment_status":"closed","ping_status":"closed","template":"","meta":{"_vp_format_video_url":"","_vp_image_focal_point":[],"footnotes":""},"class_list":["post-14","page","type-page","status-publish","hentry"],"yoast_head":"<!-- This site is optimized with the Yoast SEO plugin v27.4 - https:\/\/yoast.com\/product\/yoast-seo-wordpress\/ -->\n<title>Estekak<\/title>\n<meta name=\"description\" content=\"En Mikelats Euskaltegia ponemos a vuestra disposici\u00f3n una selecci\u00f3n de enlaces con materiales \u00fatiles como modelos de ex\u00e1menes y diccionarios.\" \/>\n<meta name=\"robots\" content=\"index, follow, max-snippet:-1, max-image-preview:large, max-video-preview:-1\" \/>\n<link rel=\"canonical\" href=\"https:\/\/mikelatseuskaltegia.com\/eu\/enlaces\/\" \/>\n<meta property=\"og:locale\" content=\"en_US\" \/>\n<meta property=\"og:locale:alternate\" content=\"es_ES\" \/>\n<meta property=\"og:type\" content=\"article\" \/>\n<meta property=\"og:title\" content=\"Estekak\" \/>\n<meta property=\"og:description\" content=\"En Mikelats Euskaltegia ponemos a vuestra disposici\u00f3n una selecci\u00f3n de enlaces con materiales \u00fatiles como modelos de ex\u00e1menes y diccionarios.\" \/>\n<meta property=\"og:url\" content=\"https:\/\/mikelatseuskaltegia.com\/eu\/enlaces\/\" \/>\n<meta property=\"og:site_name\" content=\"Mikelats Euskaltegia\" \/>\n<meta property=\"article:modified_time\" content=\"2024-08-29T10:08:13+00:00\" \/>\n<meta name=\"twitter:card\" content=\"summary_large_image\" \/>\n<meta name=\"twitter:label1\" content=\"Est. reading time\" \/>\n\t<meta name=\"twitter:data1\" content=\"1 minutua\" \/>\n<script type=\"application\/ld+json\" class=\"yoast-schema-graph\">{\"@context\":\"https:\\\/\\\/schema.org\",\"@graph\":[{\"@type\":\"WebPage\",\"@id\":\"https:\\\/\\\/mikelatseuskaltegia.com\\\/enlaces\\\/\",\"url\":\"https:\\\/\\\/mikelatseuskaltegia.com\\\/enlaces\\\/\",\"name\":\"Estekak\",\"isPartOf\":{\"@id\":\"https:\\\/\\\/mikelatseuskaltegia.com\\\/#website\"},\"datePublished\":\"2019-12-10T10:06:28+00:00\",\"dateModified\":\"2024-08-29T10:08:13+00:00\",\"description\":\"En Mikelats Euskaltegia ponemos a vuestra disposici\u00f3n una selecci\u00f3n de enlaces con materiales \u00fatiles como modelos de ex\u00e1menes y diccionarios.\",\"breadcrumb\":{\"@id\":\"https:\\\/\\\/mikelatseuskaltegia.com\\\/enlaces\\\/#breadcrumb\"},\"inLanguage\":\"eu\",\"potentialAction\":[{\"@type\":\"ReadAction\",\"target\":[\"https:\\\/\\\/mikelatseuskaltegia.com\\\/enlaces\\\/\"]}]},{\"@type\":\"BreadcrumbList\",\"@id\":\"https:\\\/\\\/mikelatseuskaltegia.com\\\/enlaces\\\/#breadcrumb\",\"itemListElement\":[{\"@type\":\"ListItem\",\"position\":1,\"name\":\"Portada\",\"item\":\"https:\\\/\\\/mikelatseuskaltegia.com\\\/eu\\\/\"},{\"@type\":\"ListItem\",\"position\":2,\"name\":\"Enlaces\"}]},{\"@type\":\"WebSite\",\"@id\":\"https:\\\/\\\/mikelatseuskaltegia.com\\\/#website\",\"url\":\"https:\\\/\\\/mikelatseuskaltegia.com\\\/\",\"name\":\"Mikelats Euskaltegia\",\"description\":\"Mikelats euskaltegia es especialista en euskaltegi Bilbao\",\"publisher\":{\"@id\":\"https:\\\/\\\/mikelatseuskaltegia.com\\\/#organization\"},\"potentialAction\":[{\"@type\":\"SearchAction\",\"target\":{\"@type\":\"EntryPoint\",\"urlTemplate\":\"https:\\\/\\\/mikelatseuskaltegia.com\\\/?s={search_term_string}\"},\"query-input\":{\"@type\":\"PropertyValueSpecification\",\"valueRequired\":true,\"valueName\":\"search_term_string\"}}],\"inLanguage\":\"eu\"},{\"@type\":\"Organization\",\"@id\":\"https:\\\/\\\/mikelatseuskaltegia.com\\\/#organization\",\"name\":\"Mikelats Euskaltegia\",\"url\":\"https:\\\/\\\/mikelatseuskaltegia.com\\\/\",\"logo\":{\"@type\":\"ImageObject\",\"inLanguage\":\"eu\",\"@id\":\"https:\\\/\\\/mikelatseuskaltegia.com\\\/#\\\/schema\\\/logo\\\/image\\\/\",\"url\":\"http:\\\/\\\/nueva.mikelatseuskaltegia.com\\\/wp-content\\\/uploads\\\/2019\\\/12\\\/logotipo-mikelatz.png\",\"contentUrl\":\"http:\\\/\\\/nueva.mikelatseuskaltegia.com\\\/wp-content\\\/uploads\\\/2019\\\/12\\\/logotipo-mikelatz.png\",\"width\":109,\"height\":77,\"caption\":\"Mikelats Euskaltegia\"},\"image\":{\"@id\":\"https:\\\/\\\/mikelatseuskaltegia.com\\\/#\\\/schema\\\/logo\\\/image\\\/\"}}]}<\/script>\n<!-- \/ Yoast SEO plugin. -->","yoast_head_json":{"title":"Estekak","description":"En Mikelats Euskaltegia ponemos a vuestra disposici\u00f3n una selecci\u00f3n de enlaces con materiales \u00fatiles como modelos de ex\u00e1menes y diccionarios.","robots":{"index":"index","follow":"follow","max-snippet":"max-snippet:-1","max-image-preview":"max-image-preview:large","max-video-preview":"max-video-preview:-1"},"canonical":"https:\/\/mikelatseuskaltegia.com\/eu\/enlaces\/","og_locale":"en_US","og_type":"article","og_title":"[:es]Enlaces[:eu]Estekak[:] - Mikelats Euskaltegia","og_description":"[:es]En Mikelats Euskaltegia ponemos a vuestra disposici\u00f3n una selecci\u00f3n de enlaces con materiales \u00fatiles como modelos de ex\u00e1menes y diccionarios.[:]","og_url":"https:\/\/mikelatseuskaltegia.com\/eu\/enlaces\/","og_site_name":"Mikelats Euskaltegia","article_modified_time":"2024-08-29T10:08:13+00:00","twitter_card":"summary_large_image","twitter_misc":{"Est. reading time":"1 minutua"},"schema":{"@context":"https:\/\/schema.org","@graph":[{"@type":"WebPage","@id":"https:\/\/mikelatseuskaltegia.com\/enlaces\/","url":"https:\/\/mikelatseuskaltegia.com\/enlaces\/","name":"Estekak","isPartOf":{"@id":"https:\/\/mikelatseuskaltegia.com\/#website"},"datePublished":"2019-12-10T10:06:28+00:00","dateModified":"2024-08-29T10:08:13+00:00","description":"En Mikelats Euskaltegia ponemos a vuestra disposici\u00f3n una selecci\u00f3n de enlaces con materiales \u00fatiles como modelos de ex\u00e1menes y diccionarios.","breadcrumb":{"@id":"https:\/\/mikelatseuskaltegia.com\/enlaces\/#breadcrumb"},"inLanguage":"eu","potentialAction":[{"@type":"ReadAction","target":["https:\/\/mikelatseuskaltegia.com\/enlaces\/"]}]},{"@type":"BreadcrumbList","@id":"https:\/\/mikelatseuskaltegia.com\/enlaces\/#breadcrumb","itemListElement":[{"@type":"ListItem","position":1,"name":"Portada","item":"https:\/\/mikelatseuskaltegia.com\/eu\/"},{"@type":"ListItem","position":2,"name":"Enlaces"}]},{"@type":"WebSite","@id":"https:\/\/mikelatseuskaltegia.com\/#website","url":"https:\/\/mikelatseuskaltegia.com\/","name":"Mikelats Euskaltegia","description":"Mikelats euskaltegia es especialista en euskaltegi Bilbao","publisher":{"@id":"https:\/\/mikelatseuskaltegia.com\/#organization"},"potentialAction":[{"@type":"SearchAction","target":{"@type":"EntryPoint","urlTemplate":"https:\/\/mikelatseuskaltegia.com\/?s={search_term_string}"},"query-input":{"@type":"PropertyValueSpecification","valueRequired":true,"valueName":"search_term_string"}}],"inLanguage":"eu"},{"@type":"Organization","@id":"https:\/\/mikelatseuskaltegia.com\/#organization","name":"Mikelats Euskaltegia","url":"https:\/\/mikelatseuskaltegia.com\/","logo":{"@type":"ImageObject","inLanguage":"eu","@id":"https:\/\/mikelatseuskaltegia.com\/#\/schema\/logo\/image\/","url":"http:\/\/nueva.mikelatseuskaltegia.com\/wp-content\/uploads\/2019\/12\/logotipo-mikelatz.png","contentUrl":"http:\/\/nueva.mikelatseuskaltegia.com\/wp-content\/uploads\/2019\/12\/logotipo-mikelatz.png","width":109,"height":77,"caption":"Mikelats Euskaltegia"},"image":{"@id":"https:\/\/mikelatseuskaltegia.com\/#\/schema\/logo\/image\/"}}]}},"_links":{"self":[{"href":"https:\/\/mikelatseuskaltegia.com\/eu\/wp-json\/wp\/v2\/pages\/14","targetHints":{"allow":["GET"]}}],"collection":[{"href":"https:\/\/mikelatseuskaltegia.com\/eu\/wp-json\/wp\/v2\/pages"}],"about":[{"href":"https:\/\/mikelatseuskaltegia.com\/eu\/wp-json\/wp\/v2\/types\/page"}],"author":[{"embeddable":true,"href":"https:\/\/mikelatseuskaltegia.com\/eu\/wp-json\/wp\/v2\/users\/1"}],"replies":[{"embeddable":true,"href":"https:\/\/mikelatseuskaltegia.com\/eu\/wp-json\/wp\/v2\/comments?post=14"}],"version-history":[{"count":29,"href":"https:\/\/mikelatseuskaltegia.com\/eu\/wp-json\/wp\/v2\/pages\/14\/revisions"}],"predecessor-version":[{"id":182,"href":"https:\/\/mikelatseuskaltegia.com\/eu\/wp-json\/wp\/v2\/pages\/14\/revisions\/182"}],"wp:attachment":[{"href":"https:\/\/mikelatseuskaltegia.com\/eu\/wp-json\/wp\/v2\/media?parent=14"}],"curies":[{"name":"wp","href":"https:\/\/api.w.org\/{rel}","templated":true}]}}