{"id":3952,"date":"2025-06-25T18:05:20","date_gmt":"2025-06-25T16:05:20","guid":{"rendered":"https:\/\/mikelatseuskaltegia.com\/?page_id=3952"},"modified":"2025-10-30T11:57:04","modified_gmt":"2025-10-30T09:57:04","slug":"matriculacion","status":"publish","type":"page","link":"https:\/\/mikelatseuskaltegia.com\/eu\/matriculacion\/","title":{"rendered":"Matrikulazioa"},"content":{"rendered":"<div id=\"pl-3952\"  class=\"panel-layout\" ><div id=\"pg-3952-0\"  class=\"panel-grid panel-no-style\" ><div id=\"pgc-3952-0-0\"  class=\"panel-grid-cell\" ><div id=\"panel-3952-0-0-0\" class=\"so-panel widget_sow-editor panel-first-child panel-last-child\" data-index=\"0\" ><div\n\t\t\t\n\t\t\tclass=\"so-widget-sow-editor so-widget-sow-editor-base\"\n\t\t\t\n\t\t><h3 class=\"widget-title\">Matrikulatzeko Urratsak<\/h3>\n<div class=\"siteorigin-widget-tinymce textwidget\">\n\t<ol>\n<li>Matrikulazio formularioko datuak bete: (A) Ikasle datuak Haberentzat , (B) Ikasle datuak ohar legalak, (C) Mikelats euskaltegiarentzat datu pertsonalak erabiltzeko baimena.<\/li>\n<li>Formularioa <a href=\"mailto:mikelats@izar.net\">mikelats@izar.net<\/a> helbidera bidali.<\/li>\n<li><span id=\"translation_box\" class=\"form-control-text textarea\" role=\"textbox\">Ordainketak egiteko moduari buruzko informazioa eskolako lehen egunean emango da.<\/span><\/li>\n<li><span id=\"translation_box\" class=\"form-control-text textarea\" role=\"textbox\">Euskaltegia harremanetan jarriko da taldeak konfirmatzeko.<\/span><\/li>\n<\/ol>\n<\/div>\n<\/div><\/div><\/div><div id=\"pgc-3952-0-1\"  class=\"panel-grid-cell\" ><div id=\"panel-3952-0-1-0\" class=\"so-panel widget_sow-image panel-first-child panel-last-child\" data-index=\"1\" ><div class=\"panel-widget-style panel-widget-style-for-3952-0-1-0\" ><div\n\t\t\t\n\t\t\tclass=\"so-widget-sow-image so-widget-sow-image-default-ad27ff908450-3952\"\n\t\t\t\n\t\t><h3 class=\"widget-title\">Matrikulazio formularioa <br>deskargatu<\/h3>\n<div class=\"sow-image-container\">\n\t\t\t<a href=\"https:\/\/mikelatseuskaltegia.com\/wp-content\/uploads\/2025\/10\/formulario-mikelats-habe-2025-matrikulazioa.pdf\"\n\t\t\ttarget=\"_blank\" rel=\"noopener noreferrer\" \t\t>\n\t\t\t<img \n\tsrc=\"https:\/\/mikelatseuskaltegia.com\/wp-content\/uploads\/2025\/07\/imagenformulario-matriculacion-2025-sombra5-500x707.png\" width=\"250\" height=\"354\" srcset=\"https:\/\/mikelatseuskaltegia.com\/wp-content\/uploads\/2025\/07\/imagenformulario-matriculacion-2025-sombra5-500x707.png 500w, https:\/\/mikelatseuskaltegia.com\/wp-content\/uploads\/2025\/07\/imagenformulario-matriculacion-2025-sombra5-212x300.png 212w, https:\/\/mikelatseuskaltegia.com\/wp-content\/uploads\/2025\/07\/imagenformulario-matriculacion-2025-sombra5.png 595w\" sizes=\"(max-width: 250px) 100vw, 250px\" style=\"width: 250px; height: 354px;\" title=\"Matrikulazio formularioa &lt;br&gt;deskargatu\" alt=\"Imagen del Formulario de Matriculaci\u00f3n para descargarlo\" \t\tclass=\"so-widget-image\"\/>\n\t\t\t<\/a><\/div>\n\n<\/div><\/div><\/div><\/div><\/div><\/div>","protected":false},"excerpt":{"rendered":"<p>Matrikulazio formularioko datuak bete: (A) Ikasle datuak Haberentzat , (B) Ikasle datuak ohar legalak, (C) Mikelats euskaltegiarentzat datu pertsonalak erabiltzeko [&hellip;]<\/p>\n","protected":false},"author":1,"featured_media":0,"parent":0,"menu_order":0,"comment_status":"closed","ping_status":"closed","template":"","meta":{"_vp_format_video_url":"","_vp_image_focal_point":[],"footnotes":""},"class_list":["post-3952","page","type-page","status-publish","hentry"],"yoast_head":"<!-- This site is optimized with the Yoast SEO plugin v27.3 - https:\/\/yoast.com\/product\/yoast-seo-wordpress\/ -->\n<title>Matrikulazioa<\/title>\n<meta name=\"description\" content=\"Rellenar los datos del formulario de matr\u00edculaci\u00f3n: Datos personales, Aviso Legal de HABE y Aviso Legal de Mikelats Euskaltegia.\" \/>\n<meta name=\"robots\" content=\"index, follow, max-snippet:-1, max-image-preview:large, max-video-preview:-1\" \/>\n<link rel=\"canonical\" href=\"https:\/\/mikelatseuskaltegia.com\/eu\/matriculacion\/\" \/>\n<meta property=\"og:locale\" content=\"en_US\" \/>\n<meta property=\"og:locale:alternate\" content=\"es_ES\" \/>\n<meta property=\"og:type\" content=\"article\" \/>\n<meta property=\"og:title\" content=\"Matrikulazioa\" \/>\n<meta property=\"og:description\" content=\"Rellenar los datos del formulario de matr\u00edculaci\u00f3n: Datos personales, Aviso Legal de HABE y Aviso Legal de Mikelats Euskaltegia.\" \/>\n<meta property=\"og:url\" content=\"https:\/\/mikelatseuskaltegia.com\/eu\/matriculacion\/\" \/>\n<meta property=\"og:site_name\" content=\"Mikelats Euskaltegia\" \/>\n<meta property=\"article:modified_time\" content=\"2025-10-30T09:57:04+00:00\" \/>\n<meta name=\"twitter:card\" content=\"summary_large_image\" \/>\n<meta name=\"twitter:label1\" content=\"Est. reading time\" \/>\n\t<meta name=\"twitter:data1\" content=\"1 minutua\" \/>\n<script type=\"application\/ld+json\" class=\"yoast-schema-graph\">{\"@context\":\"https:\\\/\\\/schema.org\",\"@graph\":[{\"@type\":\"WebPage\",\"@id\":\"https:\\\/\\\/mikelatseuskaltegia.com\\\/eu\\\/matriculacion\\\/\",\"url\":\"https:\\\/\\\/mikelatseuskaltegia.com\\\/eu\\\/matriculacion\\\/\",\"name\":\"Matrikulazioa\",\"isPartOf\":{\"@id\":\"https:\\\/\\\/mikelatseuskaltegia.com\\\/#website\"},\"datePublished\":\"2025-06-25T16:05:20+00:00\",\"dateModified\":\"2025-10-30T09:57:04+00:00\",\"description\":\"Rellenar los datos del formulario de matr\u00edculaci\u00f3n: Datos personales, Aviso Legal de HABE y Aviso Legal de Mikelats Euskaltegia.\",\"breadcrumb\":{\"@id\":\"https:\\\/\\\/mikelatseuskaltegia.com\\\/eu\\\/matriculacion\\\/#breadcrumb\"},\"inLanguage\":\"eu\",\"potentialAction\":[{\"@type\":\"ReadAction\",\"target\":[\"https:\\\/\\\/mikelatseuskaltegia.com\\\/eu\\\/matriculacion\\\/\"]}]},{\"@type\":\"BreadcrumbList\",\"@id\":\"https:\\\/\\\/mikelatseuskaltegia.com\\\/eu\\\/matriculacion\\\/#breadcrumb\",\"itemListElement\":[{\"@type\":\"ListItem\",\"position\":1,\"name\":\"Portada\",\"item\":\"https:\\\/\\\/mikelatseuskaltegia.com\\\/eu\\\/\"},{\"@type\":\"ListItem\",\"position\":2,\"name\":\"Matrikulazioa\"}]},{\"@type\":\"WebSite\",\"@id\":\"https:\\\/\\\/mikelatseuskaltegia.com\\\/#website\",\"url\":\"https:\\\/\\\/mikelatseuskaltegia.com\\\/\",\"name\":\"Mikelats Euskaltegia\",\"description\":\"Mikelats euskaltegia es especialista en euskaltegi Bilbao\",\"publisher\":{\"@id\":\"https:\\\/\\\/mikelatseuskaltegia.com\\\/#organization\"},\"potentialAction\":[{\"@type\":\"SearchAction\",\"target\":{\"@type\":\"EntryPoint\",\"urlTemplate\":\"https:\\\/\\\/mikelatseuskaltegia.com\\\/?s={search_term_string}\"},\"query-input\":{\"@type\":\"PropertyValueSpecification\",\"valueRequired\":true,\"valueName\":\"search_term_string\"}}],\"inLanguage\":\"eu\"},{\"@type\":\"Organization\",\"@id\":\"https:\\\/\\\/mikelatseuskaltegia.com\\\/#organization\",\"name\":\"Mikelats Euskaltegia\",\"url\":\"https:\\\/\\\/mikelatseuskaltegia.com\\\/\",\"logo\":{\"@type\":\"ImageObject\",\"inLanguage\":\"eu\",\"@id\":\"https:\\\/\\\/mikelatseuskaltegia.com\\\/#\\\/schema\\\/logo\\\/image\\\/\",\"url\":\"http:\\\/\\\/nueva.mikelatseuskaltegia.com\\\/wp-content\\\/uploads\\\/2019\\\/12\\\/logotipo-mikelatz.png\",\"contentUrl\":\"http:\\\/\\\/nueva.mikelatseuskaltegia.com\\\/wp-content\\\/uploads\\\/2019\\\/12\\\/logotipo-mikelatz.png\",\"width\":109,\"height\":77,\"caption\":\"Mikelats Euskaltegia\"},\"image\":{\"@id\":\"https:\\\/\\\/mikelatseuskaltegia.com\\\/#\\\/schema\\\/logo\\\/image\\\/\"}}]}<\/script>\n<!-- \/ Yoast SEO plugin. -->","yoast_head_json":{"title":"Matrikulazioa","description":"Rellenar los datos del formulario de matr\u00edculaci\u00f3n: Datos personales, Aviso Legal de HABE y Aviso Legal de Mikelats Euskaltegia.","robots":{"index":"index","follow":"follow","max-snippet":"max-snippet:-1","max-image-preview":"max-image-preview:large","max-video-preview":"max-video-preview:-1"},"canonical":"https:\/\/mikelatseuskaltegia.com\/eu\/matriculacion\/","og_locale":"en_US","og_type":"article","og_title":"[:es]Matriculaci\u00f3n[:eu]Matrikulazioa[:] - Mikelats Euskaltegia","og_description":"[:es]Rellenar los datos del formulario de matr\u00edculaci\u00f3n: Datos personales, Aviso Legal de HABE y Aviso Legal de Mikelats Euskaltegia.[:]","og_url":"https:\/\/mikelatseuskaltegia.com\/eu\/matriculacion\/","og_site_name":"Mikelats Euskaltegia","article_modified_time":"2025-10-30T09:57:04+00:00","twitter_card":"summary_large_image","twitter_misc":{"Est. reading time":"1 minutua"},"schema":{"@context":"https:\/\/schema.org","@graph":[{"@type":"WebPage","@id":"https:\/\/mikelatseuskaltegia.com\/eu\/matriculacion\/","url":"https:\/\/mikelatseuskaltegia.com\/eu\/matriculacion\/","name":"Matrikulazioa","isPartOf":{"@id":"https:\/\/mikelatseuskaltegia.com\/#website"},"datePublished":"2025-06-25T16:05:20+00:00","dateModified":"2025-10-30T09:57:04+00:00","description":"Rellenar los datos del formulario de matr\u00edculaci\u00f3n: Datos personales, Aviso Legal de HABE y Aviso Legal de Mikelats Euskaltegia.","breadcrumb":{"@id":"https:\/\/mikelatseuskaltegia.com\/eu\/matriculacion\/#breadcrumb"},"inLanguage":"eu","potentialAction":[{"@type":"ReadAction","target":["https:\/\/mikelatseuskaltegia.com\/eu\/matriculacion\/"]}]},{"@type":"BreadcrumbList","@id":"https:\/\/mikelatseuskaltegia.com\/eu\/matriculacion\/#breadcrumb","itemListElement":[{"@type":"ListItem","position":1,"name":"Portada","item":"https:\/\/mikelatseuskaltegia.com\/eu\/"},{"@type":"ListItem","position":2,"name":"Matrikulazioa"}]},{"@type":"WebSite","@id":"https:\/\/mikelatseuskaltegia.com\/#website","url":"https:\/\/mikelatseuskaltegia.com\/","name":"Mikelats Euskaltegia","description":"Mikelats euskaltegia es especialista en euskaltegi Bilbao","publisher":{"@id":"https:\/\/mikelatseuskaltegia.com\/#organization"},"potentialAction":[{"@type":"SearchAction","target":{"@type":"EntryPoint","urlTemplate":"https:\/\/mikelatseuskaltegia.com\/?s={search_term_string}"},"query-input":{"@type":"PropertyValueSpecification","valueRequired":true,"valueName":"search_term_string"}}],"inLanguage":"eu"},{"@type":"Organization","@id":"https:\/\/mikelatseuskaltegia.com\/#organization","name":"Mikelats Euskaltegia","url":"https:\/\/mikelatseuskaltegia.com\/","logo":{"@type":"ImageObject","inLanguage":"eu","@id":"https:\/\/mikelatseuskaltegia.com\/#\/schema\/logo\/image\/","url":"http:\/\/nueva.mikelatseuskaltegia.com\/wp-content\/uploads\/2019\/12\/logotipo-mikelatz.png","contentUrl":"http:\/\/nueva.mikelatseuskaltegia.com\/wp-content\/uploads\/2019\/12\/logotipo-mikelatz.png","width":109,"height":77,"caption":"Mikelats Euskaltegia"},"image":{"@id":"https:\/\/mikelatseuskaltegia.com\/#\/schema\/logo\/image\/"}}]}},"_links":{"self":[{"href":"https:\/\/mikelatseuskaltegia.com\/eu\/wp-json\/wp\/v2\/pages\/3952","targetHints":{"allow":["GET"]}}],"collection":[{"href":"https:\/\/mikelatseuskaltegia.com\/eu\/wp-json\/wp\/v2\/pages"}],"about":[{"href":"https:\/\/mikelatseuskaltegia.com\/eu\/wp-json\/wp\/v2\/types\/page"}],"author":[{"embeddable":true,"href":"https:\/\/mikelatseuskaltegia.com\/eu\/wp-json\/wp\/v2\/users\/1"}],"replies":[{"embeddable":true,"href":"https:\/\/mikelatseuskaltegia.com\/eu\/wp-json\/wp\/v2\/comments?post=3952"}],"version-history":[{"count":8,"href":"https:\/\/mikelatseuskaltegia.com\/eu\/wp-json\/wp\/v2\/pages\/3952\/revisions"}],"predecessor-version":[{"id":3986,"href":"https:\/\/mikelatseuskaltegia.com\/eu\/wp-json\/wp\/v2\/pages\/3952\/revisions\/3986"}],"wp:attachment":[{"href":"https:\/\/mikelatseuskaltegia.com\/eu\/wp-json\/wp\/v2\/media?parent=3952"}],"curies":[{"name":"wp","href":"https:\/\/api.w.org\/{rel}","templated":true}]}}